{"id":27,"date":"2018-06-29T08:00:03","date_gmt":"2018-06-29T06:00:03","guid":{"rendered":"https:\/\/weiswein.de\/wp\/?page_id=27"},"modified":"2019-12-04T14:26:08","modified_gmt":"2019-12-04T13:26:08","slug":"events","status":"publish","type":"page","link":"https:\/\/weiswein.de\/wp\/events\/","title":{"rendered":"Events"},"content":{"rendered":"<section class=\"wpb-content-wrapper\"><p>[vc_row][vc_column][vc_text_separator title=&#8220;Veranstaltungen in Wallhausen&#8220; border_width=&#8220;2&#8243;][vc_empty_space][\/vc_column][\/vc_row][vc_row][vc_column width=&#8220;1\/4&#8243;][vc_single_image image=&#8220;95&#8243;][\/vc_column][vc_column width=&#8220;3\/4&#8243;][vc_column_text]<strong>20.06.2020<\/strong> \u00a0 \u00a0 \u00a0 \u00a0 \u00a0 \u00a0\u00a0\u00a0 \u00a0\u00a0 <strong>Terrassensommer<\/strong><br \/>\nab 15:00 Uhr\u00a0 \u00a0 \u00a0 \u00a0 \u00a0 \u00a0 \u00a0 \u00a0\u00a0 Veranstalter: Wallh\u00e4user Johannisbergbande\u00a0 \u00a0 \u00a0Ort: im Johannisberg<\/p>\n<p>[\/vc_column_text][\/vc_column][\/vc_row][vc_row][vc_column width=&#8220;1\/4&#8243;][vc_single_image image=&#8220;72&#8243;][\/vc_column][vc_column width=&#8220;3\/4&#8243;][vc_column_text]07<strong>. 08. bis \u00a0 \u00a0 \u00a0 \u00a0 \u00a0 \u00a0 \u00a0 \u00a0 \u00a0\u00a0 Kirmestreiben in der Allee \u00a0 \u00a0 \u00a0 \u00a0 \u00a0 \u00a0 \u00a0 \u00a0 \u00a0 \u00a0\u00a0<\/strong><br \/>\n<strong>11.08.2020<\/strong>[\/vc_column_text][\/vc_column][\/vc_row][vc_row][vc_column][vc_empty_space][vc_empty_space][vc_empty_space][\/vc_column][\/vc_row][vc_row][vc_column][vc_empty_space][vc_text_separator title=&#8220;Saison-Aktionen&#8220; border_width=&#8220;2&#8243;][vc_empty_space][\/vc_column][\/vc_row][vc_row][vc_column width=&#8220;1\/4&#8243;][vc_single_image image=&#8220;74&#8243;][\/vc_column][vc_column width=&#8220;3\/4&#8243;][vc_column_text]<strong>Weinlesezeit = Federweisezeit<\/strong>[\/vc_column_text][\/vc_column][\/vc_row][vc_row][vc_column width=&#8220;1\/4&#8243;][vc_single_image image=&#8220;73&#8243;][vc_empty_space][\/vc_column][vc_column width=&#8220;3\/4&#8243;][vc_column_text]<strong>Spargel- &amp; Erdbeersaison<\/strong> am Weingut K\u00fcferei Weis<\/p>\n<p>Von April bis Ende Juni t\u00e4glich frischer Spargel und ab Mai auch s\u00fc\u00dfe Erdbeeren.[\/vc_column_text][\/vc_column][\/vc_row]<\/p>\n<\/section>","protected":false},"excerpt":{"rendered":"<p>[vc_row][vc_column][vc_text_separator title=&#8220;Veranstaltungen in Wallhausen&#8220; border_width=&#8220;2&#8243;][vc_empty_space][\/vc_column][\/vc_row][vc_row][vc_column width=&#8220;1\/4&#8243;][vc_single_image image=&#8220;95&#8243;][\/vc_column][vc_column width=&#8220;3\/4&#8243;][vc_column_text]20.06.2020 \u00a0 \u00a0 \u00a0 \u00a0 \u00a0 \u00a0\u00a0\u00a0 \u00a0\u00a0 Terrassensommer ab 15:00 Uhr\u00a0 \u00a0 \u00a0 \u00a0 \u00a0 \u00a0 \u00a0 \u00a0\u00a0 Veranstalter: Wallh\u00e4user Johannisbergbande\u00a0 \u00a0 \u00a0Ort: im Johannisberg [\/vc_column_text][\/vc_column][\/vc_row][vc_row][vc_column width=&#8220;1\/4&#8243;][vc_single_image image=&#8220;72&#8243;][\/vc_column][vc_column width=&#8220;3\/4&#8243;][vc_column_text]07. 08. bis \u00a0 \u00a0 \u00a0 \u00a0 \u00a0 \u00a0 [&hellip;]<\/p>\n","protected":false},"author":1,"featured_media":0,"parent":0,"menu_order":0,"comment_status":"closed","ping_status":"closed","template":"","meta":{"footnotes":""},"_links":{"self":[{"href":"https:\/\/weiswein.de\/wp\/wp-json\/wp\/v2\/pages\/27"}],"collection":[{"href":"https:\/\/weiswein.de\/wp\/wp-json\/wp\/v2\/pages"}],"about":[{"href":"https:\/\/weiswein.de\/wp\/wp-json\/wp\/v2\/types\/page"}],"author":[{"embeddable":true,"href":"https:\/\/weiswein.de\/wp\/wp-json\/wp\/v2\/users\/1"}],"replies":[{"embeddable":true,"href":"https:\/\/weiswein.de\/wp\/wp-json\/wp\/v2\/comments?post=27"}],"version-history":[{"count":20,"href":"https:\/\/weiswein.de\/wp\/wp-json\/wp\/v2\/pages\/27\/revisions"}],"predecessor-version":[{"id":372,"href":"https:\/\/weiswein.de\/wp\/wp-json\/wp\/v2\/pages\/27\/revisions\/372"}],"wp:attachment":[{"href":"https:\/\/weiswein.de\/wp\/wp-json\/wp\/v2\/media?parent=27"}],"curies":[{"name":"wp","href":"https:\/\/api.w.org\/{rel}","templated":true}]}}