{"id":16028,"date":"2026-02-26T21:22:33","date_gmt":"2026-02-26T19:22:33","guid":{"rendered":"https:\/\/weiswein.de\/catalog\/produkt\/nr-2539-2025er-secco-elfi-075l\/"},"modified":"2026-02-26T21:22:33","modified_gmt":"2026-02-26T19:22:33","slug":"nr-2539-2025er-secco-elfi-075l","status":"publish","type":"product","link":"https:\/\/weiswein.de\/catalog\/produkt\/nr-2539-2025er-secco-elfi-075l\/","title":{"rendered":"<br>Nr. 2539 &#8212; 2025er  Secco Elfi  0,75l<br>"},"content":{"rendered":"<table WIDTH=\"60%\" BORDER=\"0\" align=\"left\" CELLPADDING=\"0\" CELLSPACING=\"0\"><\/p>\n<tr><\/p>\n<td width=\"53%\"><font size=\"-1\">Artikelnummer:<\/font><\/td>\n<td width=\"47%\"><font size=\"-1\"><strong>2539<\/strong><\/font><\/td>\n<p><\/tr>\n<tr><\/p>\n<td><font size=\"-1\">Inhalt<\/font><\/td>\n<td><font size=\"-1\"><strong>0,75 Ltr.<\/strong><\/font><\/td>\n<p><\/tr>\n<tr ALIGN=\"LEFT\"><\/p>\n<td><font size=\"-1\">Preis\/Ltr.<\/font><\/td>\n<td><font size=\"-1\"><strong>7,60 EUR pro Ltr.<\/strong><\/font><\/td>\n<p><\/tr>\n<tr><\/p>\n<td><font size=\"-1\">Weinart:<\/font><\/td>\n<td><font size=\"-1\"><strong>Perlwein<\/strong><\/font><\/td>\n<p><\/tr>\n<tr><\/p>\n<td><font size=\"-1\">Qualit&auml;tsstufe<\/font><\/td>\n<td><font size=\"-1\"><strong>Verarbeitungswein<\/strong><\/font><\/td>\n<p><\/tr>\n<tr><\/p>\n<td><font size=\"-1\">Rebsorte<\/font><\/td>\n<td><font size=\"-1\"><strong>Secco Elfi<\/strong><\/font><\/td>\n<p><\/tr>\n<tr>  <\/p>\n<td><font size=\"-1\">Restzuckergehalt<\/font><\/td>\n<p>  <\/p>\n<td><font size=\"-1\"><strong>23 g\/Ltr.<\/strong><\/font><\/td>\n<p><\/tr>\n<p><\/p>\n<tr><\/p>\n<td><font size=\"-1\">Alkoholgehalt<\/font><\/td>\n<td><font size=\"-1\"><strong><\/strong><\/font><\/td>\n<p><\/tr>\n<p><\/p>\n<tr>\n<td><font size=\"-1\">Bio:<\/font><\/td>\n<td><font size=\"-1\"><strong>NEIN<\/strong><\/font><\/td>\n<\/tr>\n<p><\/p>\n<tr>\n<td><font size=\"-1\">vegan:<\/font><\/td>\n<td><font size=\"-1\"><strong>NEIN<\/strong><\/font><\/td>\n<\/tr>\n<p><\/p>\n<tr>\n<td><font size=\"-1\">Ursprungsland:<\/font><\/td>\n<td><font size=\"-1\"><strong>Deutschland<\/strong><\/font><\/td>\n<\/tr>\n<p><\/p>\n<tr>\n<td><font size=\"-1\">enth\u00e4lt Allergene:<\/font><\/td>\n<td><font size=\"-1\"><strong>L-Ascorbins\u00e4ure, Stabilisator: Metaweins\u00e4ure, Kohlendioxid, Sulfite<\/strong><\/font><\/td>\n<\/tr>\n<p><\/table>\n<p><\/p>\n","protected":false},"excerpt":{"rendered":"<p>Artikelnummer: 2539 Inhalt 0,75 Ltr. Preis\/Ltr. 7,60 EUR pro Ltr. Weinart: Perlwein Qualit&auml;tsstufe Verarbeitungswein Rebsorte Secco Elfi Restzuckergehalt 23 g\/Ltr. Alkoholgehalt Bio: NEIN vegan: NEIN Ursprungsland: Deutschland enth\u00e4lt Allergene: L-Ascorbins\u00e4ure, Stabilisator: Metaweins\u00e4ure, Kohlendioxid, Sulfite<\/p>\n","protected":false},"featured_media":15805,"comment_status":"open","ping_status":"closed","template":"","meta":[],"product_brand":[],"product_cat":[1610],"product_tag":[],"class_list":{"0":"post-16028","1":"product","2":"type-product","3":"status-publish","4":"has-post-thumbnail","6":"product_cat-08-sekte","8":"first","9":"instock","10":"taxable","11":"shipping-taxable","12":"purchasable","13":"product-type-simple"},"_links":{"self":[{"href":"https:\/\/weiswein.de\/catalog\/wp-json\/wp\/v2\/product\/16028"}],"collection":[{"href":"https:\/\/weiswein.de\/catalog\/wp-json\/wp\/v2\/product"}],"about":[{"href":"https:\/\/weiswein.de\/catalog\/wp-json\/wp\/v2\/types\/product"}],"replies":[{"embeddable":true,"href":"https:\/\/weiswein.de\/catalog\/wp-json\/wp\/v2\/comments?post=16028"}],"wp:featuredmedia":[{"embeddable":true,"href":"https:\/\/weiswein.de\/catalog\/wp-json\/wp\/v2\/media\/15805"}],"wp:attachment":[{"href":"https:\/\/weiswein.de\/catalog\/wp-json\/wp\/v2\/media?parent=16028"}],"wp:term":[{"taxonomy":"product_brand","embeddable":true,"href":"https:\/\/weiswein.de\/catalog\/wp-json\/wp\/v2\/product_brand?post=16028"},{"taxonomy":"product_cat","embeddable":true,"href":"https:\/\/weiswein.de\/catalog\/wp-json\/wp\/v2\/product_cat?post=16028"},{"taxonomy":"product_tag","embeddable":true,"href":"https:\/\/weiswein.de\/catalog\/wp-json\/wp\/v2\/product_tag?post=16028"}],"curies":[{"name":"wp","href":"https:\/\/api.w.org\/{rel}","templated":true}]}}